{"id":2882,"date":"2024-05-21T09:34:34","date_gmt":"2024-05-21T09:34:34","guid":{"rendered":"https:\/\/solcademia.com\/?page_id=2882"},"modified":"2026-01-08T16:19:54","modified_gmt":"2026-01-08T16:19:54","slug":"politica-de-privacidad-2","status":"publish","type":"page","link":"https:\/\/solcademia.com\/en\/politica-de-privacidad-2\/","title":{"rendered":"Privacy Policy"},"content":{"rendered":"<div data-elementor-type=\"wp-page\" data-elementor-id=\"2882\" class=\"elementor elementor-2882\" data-elementor-post-type=\"page\">\n\t\t\t\t\t\t<section class=\"elementor-section elementor-top-section elementor-element elementor-element-e06138d elementor-section-boxed elementor-section-height-default elementor-section-height-default\" data-id=\"e06138d\" data-element_type=\"section\" data-e-type=\"section\">\n\t\t\t\t\t\t<div class=\"elementor-container elementor-column-gap-default\">\n\t\t\t\t\t<div class=\"elementor-column elementor-col-100 elementor-top-column elementor-element elementor-element-4efd9d3\" data-id=\"4efd9d3\" data-element_type=\"column\" data-e-type=\"column\">\n\t\t\t<div class=\"elementor-widget-wrap elementor-element-populated\">\n\t\t\t\t\t\t<div class=\"elementor-element elementor-element-27ff0f0 elementor-widget elementor-widget-heading\" data-id=\"27ff0f0\" data-element_type=\"widget\" data-e-type=\"widget\" data-widget_type=\"heading.default\">\n\t\t\t\t<div class=\"elementor-widget-container\">\n\t\t\t\t\t<h2 class=\"elementor-heading-title elementor-size-default\">Privacy Policy<\/h2>\t\t\t\t<\/div>\n\t\t\t\t<\/div>\n\t\t\t\t\t<\/div>\n\t\t<\/div>\n\t\t\t\t\t<\/div>\n\t\t<\/section>\n\t\t\t\t<section class=\"elementor-section elementor-top-section elementor-element elementor-element-65fe0a5 elementor-section-boxed elementor-section-height-default elementor-section-height-default\" data-id=\"65fe0a5\" data-element_type=\"section\" data-e-type=\"section\">\n\t\t\t\t\t\t<div class=\"elementor-container elementor-column-gap-default\">\n\t\t\t\t\t<div class=\"elementor-column elementor-col-100 elementor-top-column elementor-element elementor-element-8ea6c35\" data-id=\"8ea6c35\" data-element_type=\"column\" data-e-type=\"column\">\n\t\t\t<div class=\"elementor-widget-wrap elementor-element-populated\">\n\t\t\t\t\t\t<div class=\"elementor-element elementor-element-d9f98d5 elementor-widget elementor-widget-text-editor\" data-id=\"d9f98d5\" data-element_type=\"widget\" data-e-type=\"widget\" data-widget_type=\"text-editor.default\">\n\t\t\t\t<div class=\"elementor-widget-container\">\n\t\t\t\t\t\t\t\t\t<p>Hola, te doy la bienvenida a la p\u00e1gina de Pol\u00edtica de privacidad de Solcademia. Aqu\u00ed te voy a explicar c\u00f3mo se tratan tus datos personales. Es importante que todos nos preocupemos por nuestra informaci\u00f3n personal, por eso esta Pol\u00edtica de privacidad pretende explicarte c\u00f3mo se van a gestionar los datos personales que se recogen en esta web. Es imprescindible que leas y aceptes esta p\u00e1gina de Pol\u00edtica de Privacidad antes de facilitar tus datos personales en mi web. Adem\u00e1s de esta p\u00e1gina (Pol\u00edtica de privacidad), tambi\u00e9n debes leer el Aviso Legal para seguir navegando por www.solcademia.com.<\/p>\n<p>De conformidad con lo dispuesto en Reglamento UE 2016\/679, del Parlamento Europeo y del Consejo del 27 de abril de 2016 (RGPD) y la Ley Org\u00e1nica 3\/2018, del 5 de diciembre, de Protecci\u00f3n de Datos Personales y garant\u00eda de los derechos digitales, Paloma S\u00e1nchez Iglesias, te informa de que, mediante la aceptaci\u00f3n de esta Pol\u00edtica de privacidad, prestas tu consentimiento expreso, informado, libre e inequ\u00edvoco para que los datos que proporcionas, y sobre los que se aplican las medidas de seguridad, t\u00e9cnicas y organizativas previstas en la normativa vigente, sean tratados por Paloma S\u00e1nchez Iglesias, como responsable del tratamiento.<\/p>\n<p>Te recomiendo que leas esta p\u00e1gina detenidamente y si ves algo que no comprendes, bien porque el espa\u00f1ol no es tu lengua materna o por cualquier otro motivo, por favor, ponte en contacto conmigo en hola@solcademia.com, as\u00ed podr\u00e9 explic\u00e1rtelo mejor.<\/p>\n<p>\u00a0<\/p>\n<p><strong>\u00bfQui\u00e9n es la responsable de esta web?\u00a0<\/strong><\/p>\n<ul>\n<li>Identidad del responsable: Paloma S\u00e1nchez Iglesias<\/li>\n<li>NIF: 54150436H<\/li>\n<li>Correo electr\u00f3nico: hola@solcademia.com<\/li>\n<li>Actividad: ense\u00f1anza<\/li>\n<\/ul>\n<p>\u00a0<\/p>\n<p><strong>\u00bfQu\u00e9 datos personales se recogen en esta web? <\/strong><\/p>\n<p>Para las finalidades establecidas en esta Pol\u00edtica de privacidad, Paloma S\u00e1nchez Iglesias recaba y trata los datos personales que se detallan a continuaci\u00f3n, que depender\u00e1n de los diferentes productos o servicios que solicites en esta web:<\/p>\n<ul>\n<li>Datos identificativos: nombre<\/li>\n<li>Datos de contacto: correo electr\u00f3nico y\/o tel\u00e9fono.<\/li>\n<li>Datos de navegaci\u00f3n: direcci\u00f3n IP, tipo e identificaci\u00f3n del dispositivo, tipo de navegador, dominio a trav\u00e9s del cual accedes al sitio web, datos de navegaci\u00f3n, actividad en el sitio web (evaluamos c\u00f3mo se comportan los usuarios en la web mediante mapas de calor), ubicaci\u00f3n geogr\u00e1fica aproximada de los visitantes.<\/li>\n<\/ul>\n<p>\u00a0<\/p>\n<p><strong>Legitimaci\u00f3n para el tratamiento de tus datos <\/strong><\/p>\n<p>El consentimiento es la base legal para el tratamiento de tus datos en www.solcademia.com.<\/p>\n<p>Para contactar, suscribirte, realizar comentarios o comprar un producto o servicio en esta web se requiere el consentimiento de esta Pol\u00edtica de privacidad.<\/p>\n<p>La oferta prospectiva o comercial de productos y servicios est\u00e1 basada en el consentimiento que se te solicita, sin que en ning\u00fan caso la retirada de este consentimiento condicione la ejecuci\u00f3n del contrato de suscripci\u00f3n.<\/p>\n<p>\u00a0<\/p>\n<p><strong>\u00bfCon qu\u00e9 finalidad se recogen tus datos personales en esta web?<\/strong><\/p>\n<p>En www.solcademia.com existen diferentes sistemas de captura de informaci\u00f3n personal y tratamiento de la informaci\u00f3n que nos facilitas como usuario:<\/p>\n<ul>\n<li>Formularios de suscripci\u00f3n a contenidos: dentro de la web existen varios formularios para activar la suscripci\u00f3n. El usuario deber\u00e1 confirmar su suscripci\u00f3n para poder validar su direcci\u00f3n de correo electr\u00f3nico. Los datos facilitados ser\u00e1n utilizados exclusivamente para enviar la newsletter y mantenerlo actualizado sobre novedades y ofertas puntuales, exclusivas para suscriptores de solcademia.com<\/li>\n<li>Formulario de comentarios: la web incluye un formulario para comentar en los posts. El usuario podr\u00e1 publicar comentarios en los posts que hay en www.solcademia.com. Los datos personales introducidos en el formulario para insertar estos comentarios en la web ser\u00e1n utilizados exclusivamente para moderar dichos comentarios y publicarlos.<\/li>\n<li>Formulario de contacto: tambi\u00e9n existe un formulario de contacto para consultas, sugerencias o contacto profesional. En este caso, se utilizar\u00e1 la direcci\u00f3n de correo electr\u00f3nico para responder a las mismas y enviar la informaci\u00f3n que el usuario requiera a trav\u00e9s de la web.<\/li>\n<li>Formulario de venta: tambi\u00e9n trato datos para gestionar la compra de mis clases de espa\u00f1ol en l\u00ednea, incluyendo la gesti\u00f3n del pedido, el pago y todas las operaciones relacionadas con la contrataci\u00f3n del servicio o producto elegido. Esto incluye enviar correos electr\u00f3nicos de seguimiento, respuestas, facturas, recibos, etc.<\/li>\n<li>Sistemas de descargas: en esta web se pueden descargar diferentes contenidos y recursos que se incorporan peri\u00f3dicamente en formato texto, video y audio. En este caso, se requiere un correo electr\u00f3nico para activar el formulario de suscripci\u00f3n. Se utiliza su informaci\u00f3n con los fines indicados para suscriptores.<\/li>\n<li>Gesti\u00f3n de las redes sociales: el tratamiento de los datos que se lleve a cabo de las personas que se hagan seguidoras en las redes sociales de las p\u00e1ginas oficiales de www.solcademia.com, se regir\u00e1 por este apartado. As\u00ed como por aquellas Condiciones de Uso, Pol\u00edticas de Privacidad y normativas de acceso que pertenezcan a la red social que proceda en cada caso y aceptadas previamente por el usuario de Paloma S\u00e1nchez Iglesias (www.solcademia.com). Tus datos ser\u00e1n tratados con las finalidades de administrar correctamente la presencia en la red social, informando de actividades, productos o servicios de www.solcademia.com, as\u00ed como para cualquier otra finalidad que las normativas de las redes sociales permitan.<\/li>\n<\/ul>\n<p>\u00a0<\/p>\n<p><strong>Tiempo de conservaci\u00f3n de los datos personales<\/strong><\/p>\n<ul>\n<li>Datos de los clientes: el periodo de conservaci\u00f3n de los datos personales variar\u00e1 en funci\u00f3n del servicio que el cliente contrate. En cualquier caso, ser\u00e1 el m\u00ednimo necesario, pudiendo mantenerse hasta:\n<ul>\n<li>4 a\u00f1os: Ley sobre Infracciones y Sanciones en el Orden Social (obligaciones en materia de afiliaci\u00f3n, altas, bajas, cotizaci\u00f3n, pago de salarios\u2026); Arts. 66 y ss. Ley General Tributaria (libros de contabilidad\u2026).<\/li>\n<li>5 a\u00f1os: Art. 1964 del C\u00f3digo Civil (acciones personales sin plazo especial).<\/li>\n<li>6 a\u00f1os: Art. 30 del C\u00f3digo de Comercio (libros de contabilidad, facturas\u2026).<\/li>\n<li>10 a\u00f1os: Art. 25 de la Ley de Prevenci\u00f3n del Blanqueo de Capitales y Financiaci\u00f3n del Terrorismo.<\/li>\n<\/ul>\n<\/li>\n<li>Datos de los suscriptores: desde que el usuario se suscribe hasta que se da de baja.<\/li>\n<li>Datos de potenciales clientes: los datos se conservar\u00e1n en todo caso durante la vigencia de la relaci\u00f3n comercial establecida y, una vez concluida, dos a\u00f1os, a menos que el usuario solicite antes su supresi\u00f3n.<\/li>\n<\/ul>\n<p>\u00a0<\/p>\n<p>Por lo tanto, los datos tratados se mantendr\u00e1n en tanto no expiren los plazos legales establecidos para la conservaci\u00f3n de datos, si hubiera obligaci\u00f3n legal de mantenimiento, o de no existir ese plazo legal, hasta que el interesado solicite su supresi\u00f3n o revoque el consentimiento otorgado.<\/p>\n<p>\u00a0<\/p>\n<p><strong>\u00bfCu\u00e1les son tus derechos en relaci\u00f3n con el uso de tus datos?<\/strong><\/p>\n<p>Cualquier persona tiene derecho a obtener confirmaci\u00f3n sobre si en www.solcademia.com se est\u00e1n tratando datos personales que le conciernen o no. Las personas interesadas tienen derecho a:<\/p>\n<ul>\n<li>Solicitar el acceso a los datos personales relativos al interesado.<\/li>\n<li>Solicitar su rectificaci\u00f3n o supresi\u00f3n.<\/li>\n<li>Solicitar su cancelaci\u00f3n.<\/li>\n<li>Solicitar la limitaci\u00f3n de su tratamiento.<\/li>\n<li>Oponerse al tratamiento.<\/li>\n<li>Solicitar la portabilidad de los datos.<\/li>\n<\/ul>\n<p>\u00a0<\/p>\n<p>Si has otorgado tu consentimiento para alguna finalidad concreta, tienes derecho a retirar el consentimiento otorgado en cualquier momento, sin que ello afecte a la licitud del tratamiento basado en el consentimiento previo a su retirada.<\/p>\n<p>En caso de que sientas vulnerados tus derechos en lo concerniente a la protecci\u00f3n de sus datos personales, especialmente cuando no hayas obtenido satisfacci\u00f3n en el ejercicio de tus derechos, puedes presentar una reclamaci\u00f3n ante la Autoridad de Control en materia de Protecci\u00f3n de Datos competente a trav\u00e9s de su sitio web: www.agpd.es.<\/p>\n<p>Para ejercitar estos derechos, puedes escribir a hola@solcademia.com.<\/p>\n<p>Existe un formulario para el ejercicio de tus derechos, lo puedes pedir por email o si lo prefieres, puedes usar los elaborados por la Agencia Espa\u00f1ola de Protecci\u00f3n de Datos o terceros. Estos formularios deben ir firmados electr\u00f3nicamente o ser acompa\u00f1ados de fotocopia del DNI. Si te representa alguien, debes adjuntar copia de su DNI, o debe estar firmado con su firma electr\u00f3nica. Los formularios pueden ser presentados presencialmente, enviados por carta o por e-mail a la direcci\u00f3n del responsable que aparece arriba mencionado.<\/p>\n<p>\u00a0<\/p>\n<p><strong>\u00bfA qu\u00e9 destinatarios se comunicar\u00e1n tus datos?<\/strong><\/p>\n<p>Muchas herramientas utilizadas en esta web para gestionar datos son contratadas por terceros.<\/p>\n<p>Con el fin de prestar los servicios estrictamente necesarios para el desarrollo de mi actividad, Paloma S\u00e1nchez Iglesias comparte los datos con los siguientes prestadores bajo sus correspondientes condiciones de privacidad:<\/p>\n<ul>\n<li>Proveedores de servicios externos (por ejemplo: servicios de procesamiento de pago, procesamiento de pedidos, an\u00e1lisis, gesti\u00f3n campa\u00f1as de marketing, gesti\u00f3n de sitios web, y distribuci\u00f3n de correo electr\u00f3nico y otros proveedores de servicios similares) a fin de que estos puedan realizar funciones comerciales en nombre de Paloma S\u00e1nchez Iglesias. Pueden tener acceso a esta web de forma ocasional la empresa de desarrollo y mantenimiento web, o la de hosting. Las mismas tienen firmado un contrato de prestaci\u00f3n de servicios que les obliga a mantener el mismo nivel de privacidad que se aplica a los tratamientos realizados en esta web.<\/li>\n<\/ul>\n<p>\u00a0<\/p>\n<p>Es posible que algunos datos personales sean comunicados a destinatarios ubicados fuera del espacio econ\u00f3mico europeo, incluyendo pa\u00edses que no proporcionan un nivel de seguridad con respecto a los datos equivalente al nivel de seguridad de la Uni\u00f3n Europea. Sin embargo, debes saber que cualquier transferencia internacional de datos derivada de la utilizaci\u00f3n de herramientas o proveedores de servicios, estar\u00e1 adherida al convenio Privacy Shield, que garantiza que las empresas de software americano cumplen las pol\u00edticas de protecci\u00f3n de datos europeas en materia de privacidad, secreto y seguridad de los datos. Concretamente esta web utiliza las siguientes herramientas:<\/p>\n<ul>\n<li>Google Ads &#8211; Ads es una plataforma de Google destinada a los anunciantes que quieren publicitarse en Google. En www.solcademia.com se utiliza Google Ads, la plataforma de publicidad de Google que permite crear campa\u00f1as y anuncios para mostrarlos en otras p\u00e1ginas webs. Al generar un anuncio, se puede segmentar el p\u00fablico por:\n<ul>\n<li>Lugar<\/li>\n<li>Datos demogr\u00e1ficos (edad, sexo, etc.)<\/li>\n<li>Intereses (actividades, aficiones, etc.)<\/li>\n<li>Lo que compran en Internet y por otros canales<\/li>\n<\/ul>\n<\/li>\n<\/ul>\n<p>\u00a0<\/p>\n<p>Los datos obtenidos a trav\u00e9s de Google Ads est\u00e1n sujetos a esta Pol\u00edtica de privacidad desde el momento en que el usuario deja sus datos en el formulario de esta web para unirse al bolet\u00edn de suscripciones. En ning\u00fan caso se utilizar\u00e1 la informaci\u00f3n procedente de Google con una finalidad diferente.<\/p>\n<ul>\n<li>Google Analytics &#8211; Servicio anal\u00edtico de web prestado por Google, Inc., una compa\u00f1\u00eda de Delaware cuya oficina principal est\u00e1 en 1600 Amphitheatre Parkway, Mountain View (California), CA 94043, Estados Unidos (\u201cGoogle\u201d). Google Analytics utiliza cookies, que son archivos de texto ubicados en tu ordenador, para ayudar a www.solcademia.com a analizar el uso que hacen los usuarios del sitio web. La informaci\u00f3n que genera la cookie acerca de su uso de www.solcademia.com (incluyendo tu direcci\u00f3n IP) ser\u00e1 directamente transmitida y archivada por Google en los servidores de Estados Unidos.<\/li>\n<li>MailerLite &#8211; Paloma S\u00e1nchez Iglesias es usuaria de la plataforma MailerLite para el env\u00edo de newsletters (boletines) por correo electr\u00f3nico derivados de la gesti\u00f3n de suscripciones. Puedes leer m\u00e1s sobre la Pol\u00edtica de privacidad de MailerLite aqu\u00ed. Paloma S\u00e1nchez Iglesias ha suscrito con MailerLite las cl\u00e1usulas tipo exigidas por la UE en materia de protecci\u00f3n de datos.<\/li>\n<li>Hosting &#8211; Paloma S\u00e1nchez Iglesias ha contratado el servicio de hosting con Elementor, con domicilio en Israel. Puedes encontrar m\u00e1s informaci\u00f3n en https:\/\/elementor.com.<\/li>\n<li>WordPress &#8211; La plataforma web que utilizo en www.solcademia.com es WordPress, con domicilio en EE.UU, puedes encontrar m\u00e1s informaci\u00f3n en su p\u00e1gina web: https:\/\/es.wordpress.com<\/li>\n<\/ul>\n<p>\u00a0<\/p>\n<p><strong>Notificaci\u00f3n y declaraci\u00f3n de brechas <\/strong><\/p>\n<p>En www.solcademia.com se asumen medidas de seguridad adecuadas al nivel de riesgo para proteger la informaci\u00f3n personal contra p\u00e9rdida, uso indebido y acceso no autorizado, divulgaci\u00f3n, alteraci\u00f3n y destrucci\u00f3n, teniendo en cuenta los riesgos que conlleva el procesamiento y la naturaleza de la informaci\u00f3n personal. No obstante, si Paloma S\u00e1nchez Iglesias determina que sus datos de servicios han sido malversados (incluso por un empleado de Paloma S\u00e1nchez Iglesias), se han visto expuestos por una brecha de seguridad o adquiridos de forma incorrecta por un tercero, Paloma S\u00e1nchez Iglesias te informar\u00e1 de inmediato de dicha brecha de seguridad, apropiaci\u00f3n o adquisici\u00f3n indebida.<\/p>\n<p>\u00a0<\/p>\n<p><strong>Segmentaci\u00f3n y elaboraci\u00f3n de perfiles <\/strong><\/p>\n<p>El registro de los datos personales aportados en el momento de suscripci\u00f3n, contacto, interacci\u00f3n con la web y cualquier otro dato facilitado durante la navegaci\u00f3n, incluyendo la informaci\u00f3n suministrada por las cookies en relaci\u00f3n a los h\u00e1bitos de navegaci\u00f3n, ser\u00e1 utilizada a fin de ser segmentados o categorizados con la finalidad de aplicarlos a la actividad relacionada con la gesti\u00f3n de administraci\u00f3n general, informaci\u00f3n, comercializaci\u00f3n de espacios publicitarios, an\u00e1lisis de propuestas solicitadas por los usuarios\/clientes, estudio estad\u00edstico de los servicios y contenidos utilizados, gustos y preferencias, y encuestas o formularios.<\/p>\n<p>La elaboraci\u00f3n de perfiles, mediante el an\u00e1lisis de tus decisiones individuales automatizadas, consiste en la utilizaci\u00f3n de tus datos personales para evaluar determinados aspectos personales, como el an\u00e1lisis y predicci\u00f3n de tu situaci\u00f3n econ\u00f3mica, preferencias personales, intereses, comportamiento, ubicaci\u00f3n, movimientos y actitudes.<\/p>\n<p>Siendo la l\u00f3gica aplicada para la obtenci\u00f3n de estos perfiles la utilizaci\u00f3n de procedimientos estad\u00edsticos y siendo las consecuencias de este tratamiento de tus datos mediante la realizaci\u00f3n de perfiles, el env\u00edo de comunicaciones personalizadas de tu inter\u00e9s con contenidos relacionados con el posicionamiento local de negocios locales.<\/p>\n<p>La base legal para el tratamiento de tus datos para los fines indicados y la elaboraci\u00f3n de decisiones individuales automatizadas elaborando perfiles es el consentimiento otorgado al marcar la casilla de aceptaci\u00f3n mencionada con anterioridad.<\/p>\n<p>Los datos que se utilizan en la elaboraci\u00f3n de perfiles y que se muestran a los anunciantes no son datos que permitan identificar a los usuarios, solo se muestra en una gr\u00e1fica el tipo de p\u00fablico que tengo, su edad, pa\u00eds, g\u00e9nero, etc.<\/p>\n<p>\u00a0<\/p>\n<p><strong>Secreto y seguridad de los datos<\/strong><\/p>\n<p>www.solcademia.com se compromete al uso y tratamiento de los datos personales del usuario, respetando su confidencialidad, de acuerdo con la finalidad de aquellos; as\u00ed como a dar cumplimiento a su obligaci\u00f3n de guardarlos y adaptar todas las medidas para evitar la alteraci\u00f3n, p\u00e9rdida, tratamiento o acceso no autorizado, de conformidad con lo establecido en la normativa vigente de protecci\u00f3n de datos.<\/p>\n<p>Esta web incluye un certificado SSL. Se trata de un protocolo de seguridad que hace que tus datos viajen de manera \u00edntegra y segura; es decir, la transmisi\u00f3n de los datos entre un servidor y el usuario web, y en retroalimentaci\u00f3n es totalmente cifrada o encriptada.<\/p>\n<p>www.solcademia.com no puede garantizar la absoluta inexpugnabilidad de la red Internet, ni, por tanto, la violaci\u00f3n de los datos mediante accesos fraudulentos a ellos por parte de terceros.<\/p>\n<p>Con respecto a la confidencialidad del procesamiento, Paloma S\u00e1nchez Iglesias se asegurar\u00e1 de que cualquier persona que est\u00e9 autorizada por Paloma S\u00e1nchez Iglesias para procesar los datos del cliente (incluido su personal, colaboradores y prestadores), estar\u00e1 bajo la obligaci\u00f3n apropiada de confidencialidad (ya sea un deber contractual o legal).<\/p>\n<p>Cuando se presente alg\u00fan incidente de seguridad, al darse cuenta Paloma S\u00e1nchez Iglesias deber\u00e1 notificar al cliente sin demoras indebidas y deber\u00e1 proporcionar informaci\u00f3n oportuna relacionada con el Incidente de seguridad tal como se conozca, o cuando el cliente lo solicite razonablemente.<\/p>\n<p>\u00a0<\/p>\n<p><strong>Exactitud y veracidad de los datos<\/strong><\/p>\n<p>Como usuario, eres el \u00fanico responsable de la veracidad y correcci\u00f3n de los datos que remitas a www.solcademia.com, exonerando a Paloma S\u00e1nchez Iglesias de cualquier responsabilidad al respecto.<\/p>\n<p>Los usuarios garantizan y responden, en cualquier caso, de la exactitud, vigencia y autenticidad de los datos personales facilitados, y se comprometen a mantenerlos debidamente actualizados.<\/p>\n<p>El usuario acepta proporcionar informaci\u00f3n completa y correcta en el formulario de contacto o suscripci\u00f3n.<\/p>\n<p>\u00a0<\/p>\n<p><strong>Revocabilidad <\/strong><\/p>\n<p>El consentimiento prestado, tanto para el tratamiento como para la cesi\u00f3n de los datos de los interesados, es revocable en cualquier momento comunic\u00e1ndolo a Paloma S\u00e1nchez Iglesias en los t\u00e9rminos establecidos en esta Pol\u00edtica para el ejercicio de los derechos ARCO.<\/p>\n<p>Esta revocaci\u00f3n en ning\u00fan caso tendr\u00e1 car\u00e1cter retroactivo.<\/p>\n<p>\u00a0<\/p>\n<p><strong>Cambios en la Pol\u00edtica de privacidad <\/strong><\/p>\n<p>Paloma S\u00e1nchez Iglesias se reserva el derecho a modificar la presente Pol\u00edtica de privacidad para adaptarla a novedades legislativas o jurisprudenciales, as\u00ed como a pr\u00e1cticas de la industria.<\/p>\n<p>En dichos supuestos, anunciar\u00e1 en esta p\u00e1gina los cambios introducidos con razonable antelaci\u00f3n a su puesta en pr\u00e1ctica.<\/p>\t\t\t\t\t\t\t\t<\/div>\n\t\t\t\t<\/div>\n\t\t\t\t\t<\/div>\n\t\t<\/div>\n\t\t\t\t\t<\/div>\n\t\t<\/section>\n\t\t\t\t<\/div>","protected":false},"excerpt":{"rendered":"<p>Pol\u00edtica de privacidad Hola, te doy la bienvenida a la p\u00e1gina de Pol\u00edtica de privacidad de Solcademia. Aqu\u00ed te voy a explicar c\u00f3mo se tratan tus datos personales. Es importante que todos nos preocupemos por nuestra informaci\u00f3n personal, por eso esta Pol\u00edtica de privacidad pretende explicarte c\u00f3mo se van a gestionar los datos personales que [&hellip;]<\/p>\n","protected":false},"author":6701,"featured_media":0,"parent":0,"menu_order":0,"comment_status":"closed","ping_status":"closed","template":"elementor_header_footer","meta":{"_joinchat":[],"footnotes":""},"class_list":["post-2882","page","type-page","status-publish","hentry"],"yoast_head":"<!-- This site is optimized with the Yoast SEO plugin v27.4 - https:\/\/yoast.com\/product\/yoast-seo-wordpress\/ -->\n<title>Pol\u00edtica de privacidad - Solcademia<\/title>\n<meta name=\"robots\" content=\"noindex, nofollow\" \/>\n<script type=\"application\/ld+json\" class=\"yoast-schema-graph\">{\"@context\":\"https:\\\/\\\/schema.org\",\"@graph\":[]}<\/script>\n<!-- \/ Yoast SEO plugin. -->","yoast_head_json":{"title":"Pol\u00edtica de privacidad - Solcademia","robots":{"index":"noindex","follow":"nofollow"},"schema":{"@context":"https:\/\/schema.org","@graph":[]}},"_links":{"self":[{"href":"https:\/\/solcademia.com\/en\/wp-json\/wp\/v2\/pages\/2882","targetHints":{"allow":["GET"]}}],"collection":[{"href":"https:\/\/solcademia.com\/en\/wp-json\/wp\/v2\/pages"}],"about":[{"href":"https:\/\/solcademia.com\/en\/wp-json\/wp\/v2\/types\/page"}],"author":[{"embeddable":true,"href":"https:\/\/solcademia.com\/en\/wp-json\/wp\/v2\/users\/6701"}],"replies":[{"embeddable":true,"href":"https:\/\/solcademia.com\/en\/wp-json\/wp\/v2\/comments?post=2882"}],"version-history":[{"count":16,"href":"https:\/\/solcademia.com\/en\/wp-json\/wp\/v2\/pages\/2882\/revisions"}],"predecessor-version":[{"id":5683,"href":"https:\/\/solcademia.com\/en\/wp-json\/wp\/v2\/pages\/2882\/revisions\/5683"}],"wp:attachment":[{"href":"https:\/\/solcademia.com\/en\/wp-json\/wp\/v2\/media?parent=2882"}],"curies":[{"name":"wp","href":"https:\/\/api.w.org\/{rel}","templated":true}]}}